{"id":478,"date":"2025-02-13T14:57:51","date_gmt":"2025-02-13T13:57:51","guid":{"rendered":"https:\/\/institut-sanare.fr\/?page_id=478"},"modified":"2025-04-08T19:06:47","modified_gmt":"2025-04-08T17:06:47","slug":"formation-initiation-perma-2jours-odc","status":"publish","type":"page","link":"https:\/\/institut-sanare.fr\/index.php\/formation-initiation-perma-2jours-odc\/","title":{"rendered":"Formation \u00e0 l&rsquo;Oasis de Chamousset &#8211; Initiation \u00e0 la permaculture 2 jours"},"content":{"rendered":"\n\n\n\n\n\n","protected":false},"excerpt":{"rendered":"","protected":false},"author":1,"featured_media":0,"parent":0,"menu_order":0,"comment_status":"closed","ping_status":"closed","template":"full-width","meta":{"saved_in_kubio":true,"footnotes":""},"class_list":["post-478","page","type-page","status-publish","hentry"],"kubio_ai_page_context":{"short_desc":"","purpose":"general"},"yoast_head":"<!-- This site is optimized with the Yoast SEO plugin v27.4 - https:\/\/yoast.com\/product\/yoast-seo-wordpress\/ -->\n<title>Stage initiation \u00e0 la permaculture - Pr\u00e8s de Lyon\/Saint-Etienne<\/title>\n<meta name=\"description\" content=\"Formation \u00e0 l&#039;Oasis de Chamousset - Initiation \u00e0 la permaculture 2 jours - Stage sur la permaculture avec l&#039;Institut Sanare dans un \u00e9colieu\" \/>\n<meta name=\"robots\" content=\"index, follow, max-snippet:-1, max-image-preview:large, max-video-preview:-1\" \/>\n<link rel=\"canonical\" href=\"https:\/\/institut-sanare.fr\/index.php\/formation-initiation-perma-2jours-odc\/\" \/>\n<meta property=\"og:locale\" content=\"fr_FR\" \/>\n<meta property=\"og:type\" content=\"article\" \/>\n<meta property=\"og:title\" content=\"Stage initiation \u00e0 la permaculture - Pr\u00e8s de Lyon\/Saint-Etienne\" \/>\n<meta property=\"og:description\" content=\"Formation \u00e0 l&#039;Oasis de Chamousset - Initiation \u00e0 la permaculture 2 jours - Stage sur la permaculture avec l&#039;Institut Sanare dans un \u00e9colieu\" \/>\n<meta property=\"og:url\" content=\"https:\/\/institut-sanare.fr\/index.php\/formation-initiation-perma-2jours-odc\/\" \/>\n<meta property=\"og:site_name\" content=\"Institut Sanare\" \/>\n<meta property=\"article:modified_time\" content=\"2025-04-08T17:06:47+00:00\" \/>\n<meta property=\"og:image\" content=\"https:\/\/institut-sanare.fr\/wp-content\/uploads\/2025\/02\/Vignette-Reseaux-sociaux.png\" \/>\n\t<meta property=\"og:image:width\" content=\"1200\" \/>\n\t<meta property=\"og:image:height\" content=\"675\" \/>\n\t<meta property=\"og:image:type\" content=\"image\/png\" \/>\n<meta name=\"twitter:card\" content=\"summary_large_image\" \/>\n<script type=\"application\/ld+json\" class=\"yoast-schema-graph\">{\"@context\":\"https:\\\/\\\/schema.org\",\"@graph\":[{\"@type\":\"WebPage\",\"@id\":\"https:\\\/\\\/institut-sanare.fr\\\/index.php\\\/formation-initiation-perma-2jours-odc\\\/\",\"url\":\"https:\\\/\\\/institut-sanare.fr\\\/index.php\\\/formation-initiation-perma-2jours-odc\\\/\",\"name\":\"Stage initiation \u00e0 la permaculture - Pr\u00e8s de Lyon\\\/Saint-Etienne\",\"isPartOf\":{\"@id\":\"https:\\\/\\\/institut-sanare.fr\\\/#website\"},\"datePublished\":\"2025-02-13T13:57:51+00:00\",\"dateModified\":\"2025-04-08T17:06:47+00:00\",\"description\":\"Formation \u00e0 l'Oasis de Chamousset - Initiation \u00e0 la permaculture 2 jours - Stage sur la permaculture avec l'Institut Sanare dans un \u00e9colieu\",\"breadcrumb\":{\"@id\":\"https:\\\/\\\/institut-sanare.fr\\\/index.php\\\/formation-initiation-perma-2jours-odc\\\/#breadcrumb\"},\"inLanguage\":\"fr-FR\",\"potentialAction\":[{\"@type\":\"ReadAction\",\"target\":[\"https:\\\/\\\/institut-sanare.fr\\\/index.php\\\/formation-initiation-perma-2jours-odc\\\/\"]}]},{\"@type\":\"BreadcrumbList\",\"@id\":\"https:\\\/\\\/institut-sanare.fr\\\/index.php\\\/formation-initiation-perma-2jours-odc\\\/#breadcrumb\",\"itemListElement\":[{\"@type\":\"ListItem\",\"position\":1,\"name\":\"Accueil\",\"item\":\"https:\\\/\\\/institut-sanare.fr\\\/\"},{\"@type\":\"ListItem\",\"position\":2,\"name\":\"Formation \u00e0 l&rsquo;Oasis de Chamousset &#8211; Initiation \u00e0 la permaculture 2 jours\"}]},{\"@type\":\"WebSite\",\"@id\":\"https:\\\/\\\/institut-sanare.fr\\\/#website\",\"url\":\"https:\\\/\\\/institut-sanare.fr\\\/\",\"name\":\"Institut Sanare\",\"description\":\"Cabinet de formation et de conseil en transitions \u00e9cologiques et sociales fond\u00e9 sur les \u00e9thiques de la permaculture\",\"publisher\":{\"@id\":\"https:\\\/\\\/institut-sanare.fr\\\/#organization\"},\"potentialAction\":[{\"@type\":\"SearchAction\",\"target\":{\"@type\":\"EntryPoint\",\"urlTemplate\":\"https:\\\/\\\/institut-sanare.fr\\\/?s={search_term_string}\"},\"query-input\":{\"@type\":\"PropertyValueSpecification\",\"valueRequired\":true,\"valueName\":\"search_term_string\"}}],\"inLanguage\":\"fr-FR\"},{\"@type\":\"Organization\",\"@id\":\"https:\\\/\\\/institut-sanare.fr\\\/#organization\",\"name\":\"Institut Sanare\",\"url\":\"https:\\\/\\\/institut-sanare.fr\\\/\",\"logo\":{\"@type\":\"ImageObject\",\"inLanguage\":\"fr-FR\",\"@id\":\"https:\\\/\\\/institut-sanare.fr\\\/#\\\/schema\\\/logo\\\/image\\\/\",\"url\":\"https:\\\/\\\/institut-sanare.fr\\\/wp-content\\\/uploads\\\/2025\\\/01\\\/Logo_Sanare_V3_sale-1.png\",\"contentUrl\":\"https:\\\/\\\/institut-sanare.fr\\\/wp-content\\\/uploads\\\/2025\\\/01\\\/Logo_Sanare_V3_sale-1.png\",\"width\":582,\"height\":496,\"caption\":\"Institut Sanare\"},\"image\":{\"@id\":\"https:\\\/\\\/institut-sanare.fr\\\/#\\\/schema\\\/logo\\\/image\\\/\"},\"sameAs\":[\"https:\\\/\\\/www.linkedin.com\\\/company\\\/institut-sanare\\\/\"]}]}<\/script>\n<!-- \/ Yoast SEO plugin. -->","yoast_head_json":{"title":"Stage initiation \u00e0 la permaculture - Pr\u00e8s de Lyon\/Saint-Etienne","description":"Formation \u00e0 l'Oasis de Chamousset - Initiation \u00e0 la permaculture 2 jours - Stage sur la permaculture avec l'Institut Sanare dans un \u00e9colieu","robots":{"index":"index","follow":"follow","max-snippet":"max-snippet:-1","max-image-preview":"max-image-preview:large","max-video-preview":"max-video-preview:-1"},"canonical":"https:\/\/institut-sanare.fr\/index.php\/formation-initiation-perma-2jours-odc\/","og_locale":"fr_FR","og_type":"article","og_title":"Stage initiation \u00e0 la permaculture - Pr\u00e8s de Lyon\/Saint-Etienne","og_description":"Formation \u00e0 l'Oasis de Chamousset - Initiation \u00e0 la permaculture 2 jours - Stage sur la permaculture avec l'Institut Sanare dans un \u00e9colieu","og_url":"https:\/\/institut-sanare.fr\/index.php\/formation-initiation-perma-2jours-odc\/","og_site_name":"Institut Sanare","article_modified_time":"2025-04-08T17:06:47+00:00","og_image":[{"width":1200,"height":675,"url":"https:\/\/institut-sanare.fr\/wp-content\/uploads\/2025\/02\/Vignette-Reseaux-sociaux.png","type":"image\/png"}],"twitter_card":"summary_large_image","schema":{"@context":"https:\/\/schema.org","@graph":[{"@type":"WebPage","@id":"https:\/\/institut-sanare.fr\/index.php\/formation-initiation-perma-2jours-odc\/","url":"https:\/\/institut-sanare.fr\/index.php\/formation-initiation-perma-2jours-odc\/","name":"Stage initiation \u00e0 la permaculture - Pr\u00e8s de Lyon\/Saint-Etienne","isPartOf":{"@id":"https:\/\/institut-sanare.fr\/#website"},"datePublished":"2025-02-13T13:57:51+00:00","dateModified":"2025-04-08T17:06:47+00:00","description":"Formation \u00e0 l'Oasis de Chamousset - Initiation \u00e0 la permaculture 2 jours - Stage sur la permaculture avec l'Institut Sanare dans un \u00e9colieu","breadcrumb":{"@id":"https:\/\/institut-sanare.fr\/index.php\/formation-initiation-perma-2jours-odc\/#breadcrumb"},"inLanguage":"fr-FR","potentialAction":[{"@type":"ReadAction","target":["https:\/\/institut-sanare.fr\/index.php\/formation-initiation-perma-2jours-odc\/"]}]},{"@type":"BreadcrumbList","@id":"https:\/\/institut-sanare.fr\/index.php\/formation-initiation-perma-2jours-odc\/#breadcrumb","itemListElement":[{"@type":"ListItem","position":1,"name":"Accueil","item":"https:\/\/institut-sanare.fr\/"},{"@type":"ListItem","position":2,"name":"Formation \u00e0 l&rsquo;Oasis de Chamousset &#8211; Initiation \u00e0 la permaculture 2 jours"}]},{"@type":"WebSite","@id":"https:\/\/institut-sanare.fr\/#website","url":"https:\/\/institut-sanare.fr\/","name":"Institut Sanare","description":"Cabinet de formation et de conseil en transitions \u00e9cologiques et sociales fond\u00e9 sur les \u00e9thiques de la permaculture","publisher":{"@id":"https:\/\/institut-sanare.fr\/#organization"},"potentialAction":[{"@type":"SearchAction","target":{"@type":"EntryPoint","urlTemplate":"https:\/\/institut-sanare.fr\/?s={search_term_string}"},"query-input":{"@type":"PropertyValueSpecification","valueRequired":true,"valueName":"search_term_string"}}],"inLanguage":"fr-FR"},{"@type":"Organization","@id":"https:\/\/institut-sanare.fr\/#organization","name":"Institut Sanare","url":"https:\/\/institut-sanare.fr\/","logo":{"@type":"ImageObject","inLanguage":"fr-FR","@id":"https:\/\/institut-sanare.fr\/#\/schema\/logo\/image\/","url":"https:\/\/institut-sanare.fr\/wp-content\/uploads\/2025\/01\/Logo_Sanare_V3_sale-1.png","contentUrl":"https:\/\/institut-sanare.fr\/wp-content\/uploads\/2025\/01\/Logo_Sanare_V3_sale-1.png","width":582,"height":496,"caption":"Institut Sanare"},"image":{"@id":"https:\/\/institut-sanare.fr\/#\/schema\/logo\/image\/"},"sameAs":["https:\/\/www.linkedin.com\/company\/institut-sanare\/"]}]}},"jetpack_sharing_enabled":true,"_links":{"self":[{"href":"https:\/\/institut-sanare.fr\/index.php\/wp-json\/wp\/v2\/pages\/478","targetHints":{"allow":["GET"]}}],"collection":[{"href":"https:\/\/institut-sanare.fr\/index.php\/wp-json\/wp\/v2\/pages"}],"about":[{"href":"https:\/\/institut-sanare.fr\/index.php\/wp-json\/wp\/v2\/types\/page"}],"author":[{"embeddable":true,"href":"https:\/\/institut-sanare.fr\/index.php\/wp-json\/wp\/v2\/users\/1"}],"replies":[{"embeddable":true,"href":"https:\/\/institut-sanare.fr\/index.php\/wp-json\/wp\/v2\/comments?post=478"}],"version-history":[{"count":5,"href":"https:\/\/institut-sanare.fr\/index.php\/wp-json\/wp\/v2\/pages\/478\/revisions"}],"predecessor-version":[{"id":547,"href":"https:\/\/institut-sanare.fr\/index.php\/wp-json\/wp\/v2\/pages\/478\/revisions\/547"}],"wp:attachment":[{"href":"https:\/\/institut-sanare.fr\/index.php\/wp-json\/wp\/v2\/media?parent=478"}],"curies":[{"name":"wp","href":"https:\/\/api.w.org\/{rel}","templated":true}]}}