{"id":243,"date":"2025-01-09T18:18:02","date_gmt":"2025-01-09T17:18:02","guid":{"rendered":"https:\/\/institut-sanare.fr\/index.php\/conseil-et-expertise\/"},"modified":"2025-03-02T15:28:06","modified_gmt":"2025-03-02T14:28:06","slug":"conseil-et-expertise","status":"publish","type":"page","link":"https:\/\/institut-sanare.fr\/index.php\/conseil-et-expertise\/","title":{"rendered":"Conseil et expertise"},"content":{"rendered":"\n\n","protected":false},"excerpt":{"rendered":"","protected":false},"author":1,"featured_media":0,"parent":0,"menu_order":0,"comment_status":"closed","ping_status":"closed","template":"full-width","meta":{"saved_in_kubio":true,"footnotes":""},"class_list":["post-243","page","type-page","status-publish","hentry"],"kubio_ai_page_context":{"short_desc":"","purpose":"general"},"yoast_head":"<!-- This site is optimized with the Yoast SEO plugin v27.4 - https:\/\/yoast.com\/product\/yoast-seo-wordpress\/ -->\n<title>Conseil et expertise - Institut Sanare<\/title>\n<meta name=\"description\" content=\"Conseil et expertise\" \/>\n<meta name=\"robots\" content=\"index, follow, max-snippet:-1, max-image-preview:large, max-video-preview:-1\" \/>\n<link rel=\"canonical\" href=\"https:\/\/institut-sanare.fr\/index.php\/conseil-et-expertise\/\" \/>\n<meta property=\"og:locale\" content=\"fr_FR\" \/>\n<meta property=\"og:type\" content=\"article\" \/>\n<meta property=\"og:title\" content=\"Conseil et expertise - Institut Sanare\" \/>\n<meta property=\"og:description\" content=\"Conseil et expertise\" \/>\n<meta property=\"og:url\" content=\"https:\/\/institut-sanare.fr\/index.php\/conseil-et-expertise\/\" \/>\n<meta property=\"og:site_name\" content=\"Institut Sanare\" \/>\n<meta property=\"article:modified_time\" content=\"2025-03-02T14:28:06+00:00\" \/>\n<meta property=\"og:image\" content=\"https:\/\/institut-sanare.fr\/wp-content\/uploads\/2025\/02\/Vignette-Reseaux-sociaux.png\" \/>\n\t<meta property=\"og:image:width\" content=\"1200\" \/>\n\t<meta property=\"og:image:height\" content=\"675\" \/>\n\t<meta property=\"og:image:type\" content=\"image\/png\" \/>\n<meta name=\"twitter:card\" content=\"summary_large_image\" \/>\n<meta name=\"twitter:label1\" content=\"Dur\u00e9e de lecture estim\u00e9e\" \/>\n\t<meta name=\"twitter:data1\" content=\"5 minutes\" \/>\n<script type=\"application\/ld+json\" class=\"yoast-schema-graph\">{\"@context\":\"https:\\\/\\\/schema.org\",\"@graph\":[{\"@type\":\"WebPage\",\"@id\":\"https:\\\/\\\/institut-sanare.fr\\\/index.php\\\/conseil-et-expertise\\\/\",\"url\":\"https:\\\/\\\/institut-sanare.fr\\\/index.php\\\/conseil-et-expertise\\\/\",\"name\":\"Conseil et expertise - Institut Sanare\",\"isPartOf\":{\"@id\":\"https:\\\/\\\/institut-sanare.fr\\\/#website\"},\"datePublished\":\"2025-01-09T17:18:02+00:00\",\"dateModified\":\"2025-03-02T14:28:06+00:00\",\"description\":\"Conseil et expertise\",\"breadcrumb\":{\"@id\":\"https:\\\/\\\/institut-sanare.fr\\\/index.php\\\/conseil-et-expertise\\\/#breadcrumb\"},\"inLanguage\":\"fr-FR\",\"potentialAction\":[{\"@type\":\"ReadAction\",\"target\":[\"https:\\\/\\\/institut-sanare.fr\\\/index.php\\\/conseil-et-expertise\\\/\"]}]},{\"@type\":\"BreadcrumbList\",\"@id\":\"https:\\\/\\\/institut-sanare.fr\\\/index.php\\\/conseil-et-expertise\\\/#breadcrumb\",\"itemListElement\":[{\"@type\":\"ListItem\",\"position\":1,\"name\":\"Accueil\",\"item\":\"https:\\\/\\\/institut-sanare.fr\\\/\"},{\"@type\":\"ListItem\",\"position\":2,\"name\":\"Conseil et expertise\"}]},{\"@type\":\"WebSite\",\"@id\":\"https:\\\/\\\/institut-sanare.fr\\\/#website\",\"url\":\"https:\\\/\\\/institut-sanare.fr\\\/\",\"name\":\"Institut Sanare\",\"description\":\"Cabinet de formation et de conseil en transitions \u00e9cologiques et sociales fond\u00e9 sur les \u00e9thiques de la permaculture\",\"publisher\":{\"@id\":\"https:\\\/\\\/institut-sanare.fr\\\/#organization\"},\"potentialAction\":[{\"@type\":\"SearchAction\",\"target\":{\"@type\":\"EntryPoint\",\"urlTemplate\":\"https:\\\/\\\/institut-sanare.fr\\\/?s={search_term_string}\"},\"query-input\":{\"@type\":\"PropertyValueSpecification\",\"valueRequired\":true,\"valueName\":\"search_term_string\"}}],\"inLanguage\":\"fr-FR\"},{\"@type\":\"Organization\",\"@id\":\"https:\\\/\\\/institut-sanare.fr\\\/#organization\",\"name\":\"Institut Sanare\",\"url\":\"https:\\\/\\\/institut-sanare.fr\\\/\",\"logo\":{\"@type\":\"ImageObject\",\"inLanguage\":\"fr-FR\",\"@id\":\"https:\\\/\\\/institut-sanare.fr\\\/#\\\/schema\\\/logo\\\/image\\\/\",\"url\":\"https:\\\/\\\/institut-sanare.fr\\\/wp-content\\\/uploads\\\/2025\\\/01\\\/Logo_Sanare_V3_sale-1.png\",\"contentUrl\":\"https:\\\/\\\/institut-sanare.fr\\\/wp-content\\\/uploads\\\/2025\\\/01\\\/Logo_Sanare_V3_sale-1.png\",\"width\":582,\"height\":496,\"caption\":\"Institut Sanare\"},\"image\":{\"@id\":\"https:\\\/\\\/institut-sanare.fr\\\/#\\\/schema\\\/logo\\\/image\\\/\"},\"sameAs\":[\"https:\\\/\\\/www.linkedin.com\\\/company\\\/institut-sanare\\\/\"]}]}<\/script>\n<!-- \/ Yoast SEO plugin. -->","yoast_head_json":{"title":"Conseil et expertise - Institut Sanare","description":"Conseil et expertise","robots":{"index":"index","follow":"follow","max-snippet":"max-snippet:-1","max-image-preview":"max-image-preview:large","max-video-preview":"max-video-preview:-1"},"canonical":"https:\/\/institut-sanare.fr\/index.php\/conseil-et-expertise\/","og_locale":"fr_FR","og_type":"article","og_title":"Conseil et expertise - Institut Sanare","og_description":"Conseil et expertise","og_url":"https:\/\/institut-sanare.fr\/index.php\/conseil-et-expertise\/","og_site_name":"Institut Sanare","article_modified_time":"2025-03-02T14:28:06+00:00","og_image":[{"width":1200,"height":675,"url":"https:\/\/institut-sanare.fr\/wp-content\/uploads\/2025\/02\/Vignette-Reseaux-sociaux.png","type":"image\/png"}],"twitter_card":"summary_large_image","twitter_misc":{"Dur\u00e9e de lecture estim\u00e9e":"5 minutes"},"schema":{"@context":"https:\/\/schema.org","@graph":[{"@type":"WebPage","@id":"https:\/\/institut-sanare.fr\/index.php\/conseil-et-expertise\/","url":"https:\/\/institut-sanare.fr\/index.php\/conseil-et-expertise\/","name":"Conseil et expertise - Institut Sanare","isPartOf":{"@id":"https:\/\/institut-sanare.fr\/#website"},"datePublished":"2025-01-09T17:18:02+00:00","dateModified":"2025-03-02T14:28:06+00:00","description":"Conseil et expertise","breadcrumb":{"@id":"https:\/\/institut-sanare.fr\/index.php\/conseil-et-expertise\/#breadcrumb"},"inLanguage":"fr-FR","potentialAction":[{"@type":"ReadAction","target":["https:\/\/institut-sanare.fr\/index.php\/conseil-et-expertise\/"]}]},{"@type":"BreadcrumbList","@id":"https:\/\/institut-sanare.fr\/index.php\/conseil-et-expertise\/#breadcrumb","itemListElement":[{"@type":"ListItem","position":1,"name":"Accueil","item":"https:\/\/institut-sanare.fr\/"},{"@type":"ListItem","position":2,"name":"Conseil et expertise"}]},{"@type":"WebSite","@id":"https:\/\/institut-sanare.fr\/#website","url":"https:\/\/institut-sanare.fr\/","name":"Institut Sanare","description":"Cabinet de formation et de conseil en transitions \u00e9cologiques et sociales fond\u00e9 sur les \u00e9thiques de la permaculture","publisher":{"@id":"https:\/\/institut-sanare.fr\/#organization"},"potentialAction":[{"@type":"SearchAction","target":{"@type":"EntryPoint","urlTemplate":"https:\/\/institut-sanare.fr\/?s={search_term_string}"},"query-input":{"@type":"PropertyValueSpecification","valueRequired":true,"valueName":"search_term_string"}}],"inLanguage":"fr-FR"},{"@type":"Organization","@id":"https:\/\/institut-sanare.fr\/#organization","name":"Institut Sanare","url":"https:\/\/institut-sanare.fr\/","logo":{"@type":"ImageObject","inLanguage":"fr-FR","@id":"https:\/\/institut-sanare.fr\/#\/schema\/logo\/image\/","url":"https:\/\/institut-sanare.fr\/wp-content\/uploads\/2025\/01\/Logo_Sanare_V3_sale-1.png","contentUrl":"https:\/\/institut-sanare.fr\/wp-content\/uploads\/2025\/01\/Logo_Sanare_V3_sale-1.png","width":582,"height":496,"caption":"Institut Sanare"},"image":{"@id":"https:\/\/institut-sanare.fr\/#\/schema\/logo\/image\/"},"sameAs":["https:\/\/www.linkedin.com\/company\/institut-sanare\/"]}]}},"jetpack_sharing_enabled":true,"_links":{"self":[{"href":"https:\/\/institut-sanare.fr\/index.php\/wp-json\/wp\/v2\/pages\/243","targetHints":{"allow":["GET"]}}],"collection":[{"href":"https:\/\/institut-sanare.fr\/index.php\/wp-json\/wp\/v2\/pages"}],"about":[{"href":"https:\/\/institut-sanare.fr\/index.php\/wp-json\/wp\/v2\/types\/page"}],"author":[{"embeddable":true,"href":"https:\/\/institut-sanare.fr\/index.php\/wp-json\/wp\/v2\/users\/1"}],"replies":[{"embeddable":true,"href":"https:\/\/institut-sanare.fr\/index.php\/wp-json\/wp\/v2\/comments?post=243"}],"version-history":[{"count":3,"href":"https:\/\/institut-sanare.fr\/index.php\/wp-json\/wp\/v2\/pages\/243\/revisions"}],"predecessor-version":[{"id":529,"href":"https:\/\/institut-sanare.fr\/index.php\/wp-json\/wp\/v2\/pages\/243\/revisions\/529"}],"wp:attachment":[{"href":"https:\/\/institut-sanare.fr\/index.php\/wp-json\/wp\/v2\/media?parent=243"}],"curies":[{"name":"wp","href":"https:\/\/api.w.org\/{rel}","templated":true}]}}